{"id":7014,"date":"2023-10-07T03:02:07","date_gmt":"2023-10-07T03:02:07","guid":{"rendered":"http:\/\/skwroof.com\/?page_id=7014"},"modified":"2023-10-24T10:22:13","modified_gmt":"2023-10-24T10:22:13","slug":"get-free-sample","status":"publish","type":"page","link":"https:\/\/skwroof.com\/fr\/get-free-sample\/","title":{"rendered":"Obtenir un \u00e9chantillon gratuit"},"content":{"rendered":"<div data-elementor-type=\"wp-page\" data-elementor-id=\"7014\" class=\"elementor elementor-7014\" data-elementor-post-type=\"page\">\n\t\t\t\t\t\t<section class=\"elementor-section elementor-top-section elementor-element elementor-element-6630156a elementor-section-height-min-height elementor-section-boxed elementor-section-height-default elementor-section-items-middle\" data-id=\"6630156a\" data-element_type=\"section\" data-settings=\"{&quot;background_background&quot;:&quot;classic&quot;}\">\n\t\t\t\t\t\t<div class=\"elementor-container elementor-column-gap-default\">\n\t\t\t\t\t<div class=\"elementor-column elementor-col-50 elementor-top-column elementor-element elementor-element-481ad211\" data-id=\"481ad211\" data-element_type=\"column\">\n\t\t\t<div class=\"elementor-widget-wrap elementor-element-populated\">\n\t\t\t\t\t\t<div class=\"elementor-element elementor-element-4e17ba1a elementor-widget elementor-widget-heading\" data-id=\"4e17ba1a\" data-element_type=\"widget\" data-widget_type=\"heading.default\">\n\t\t\t\t<div class=\"elementor-widget-container\">\n\t\t\t<h1 class=\"elementor-heading-title elementor-size-default\">Obtenir un \u00e9chantillon gratuit<\/h1>\t\t<\/div>\n\t\t\t\t<\/div>\n\t\t\t\t<div class=\"elementor-element elementor-element-eb6e1fb elementor-widget elementor-widget-heading\" data-id=\"eb6e1fb\" data-element_type=\"widget\" data-widget_type=\"heading.default\">\n\t\t\t\t<div class=\"elementor-widget-container\">\n\t\t\t<h2 class=\"elementor-heading-title elementor-size-default\">Besoin d'un \u00e9chantillon ? Remplissez le formulaire ci-dessous et un membre de notre \u00e9quipe vous contactera.<\/h2>\t\t<\/div>\n\t\t\t\t<\/div>\n\t\t\t\t\t<\/div>\n\t\t<\/div>\n\t\t\t\t<div class=\"elementor-column elementor-col-50 elementor-top-column elementor-element elementor-element-6304b84\" data-id=\"6304b84\" data-element_type=\"column\">\n\t\t\t<div class=\"elementor-widget-wrap elementor-element-populated\">\n\t\t\t\t\t\t<div class=\"elementor-element elementor-element-aa4573e elementor-widget elementor-widget-image\" data-id=\"aa4573e\" data-element_type=\"widget\" data-widget_type=\"image.default\">\n\t\t\t\t<div class=\"elementor-widget-container\">\n\t\t\t\t\t\t\t\t\t\t\t\t\t<img decoding=\"async\" width=\"150\" height=\"150\" src=\"https:\/\/skwroof.com\/wp-content\/uploads\/2023\/10\/free-sample-150x150.webp\" class=\"attachment-thumbnail size-thumbnail wp-image-10927\" alt=\"free sample\" srcset=\"https:\/\/skwroof.com\/wp-content\/uploads\/2023\/10\/free-sample-150x150.webp 150w, https:\/\/skwroof.com\/wp-content\/uploads\/2023\/10\/free-sample-300x300.webp 300w, https:\/\/skwroof.com\/wp-content\/uploads\/2023\/10\/free-sample.webp 500w\" sizes=\"(max-width: 150px) 100vw, 150px\" \/>\t\t\t\t\t\t\t\t\t\t\t\t\t<\/div>\n\t\t\t\t<\/div>\n\t\t\t\t\t<\/div>\n\t\t<\/div>\n\t\t\t\t\t<\/div>\n\t\t<\/section>\n\t\t\t\t<section class=\"elementor-section elementor-top-section elementor-element elementor-element-aa0dadf elementor-section-boxed elementor-section-height-default elementor-section-height-default\" data-id=\"aa0dadf\" data-element_type=\"section\">\n\t\t\t\t\t\t<div class=\"elementor-container elementor-column-gap-default\">\n\t\t\t\t\t<div class=\"elementor-column elementor-col-50 elementor-top-column elementor-element elementor-element-16a5913\" data-id=\"16a5913\" data-element_type=\"column\">\n\t\t\t<div class=\"elementor-widget-wrap elementor-element-populated\">\n\t\t\t\t\t\t<div class=\"elementor-element elementor-element-f2f09f7 elementor-widget elementor-widget-heading\" data-id=\"f2f09f7\" data-element_type=\"widget\" data-widget_type=\"heading.default\">\n\t\t\t\t<div class=\"elementor-widget-container\">\n\t\t\t<h2 class=\"elementor-heading-title elementor-size-default\">Nous vous fournirons des \u00e9chantillons gratuits.<\/h2>\t\t<\/div>\n\t\t\t\t<\/div>\n\t\t\t\t<div class=\"elementor-element elementor-element-f373bc6 elementor-widget elementor-widget-text-editor\" data-id=\"f373bc6\" data-element_type=\"widget\" data-widget_type=\"text-editor.default\">\n\t\t\t\t<div class=\"elementor-widget-container\">\n\t\t\t\t\t\t\t<p>En remplissant ce formulaire, notre \u00e9quipe d'experts sera \u00e0 votre service dans les 12 heures, en sachant plus sur les d\u00e9tails de l'\u00e9chantillon de toit, nous prendrons la prochaine \u00e9tape et fournirons des conseils personnalis\u00e9s et de premi\u00e8re qualit\u00e9.<\/p>\t\t\t\t\t\t<\/div>\n\t\t\t\t<\/div>\n\t\t\t\t<div class=\"elementor-element elementor-element-6331d04 elementor-invisible elementor-widget elementor-widget-image\" data-id=\"6331d04\" data-element_type=\"widget\" data-settings=\"{&quot;_animation&quot;:&quot;fadeInUp&quot;}\" data-widget_type=\"image.default\">\n\t\t\t\t<div class=\"elementor-widget-container\">\n\t\t\t\t\t\t\t\t\t\t\t\t\t<img fetchpriority=\"high\" decoding=\"async\" width=\"250\" height=\"250\" src=\"https:\/\/skwroof.com\/wp-content\/uploads\/2023\/10\/sue.miao_.webp\" class=\"attachment-full size-full wp-image-7024\" alt=\"the skw roof manager: sue.miao\" srcset=\"https:\/\/skwroof.com\/wp-content\/uploads\/2023\/10\/sue.miao_.webp 250w, https:\/\/skwroof.com\/wp-content\/uploads\/2023\/10\/elementor\/thumbs\/sue.miao_-qdhrou4jdzr24lk4tiw114g8ri8jvmlftkxsozhhss.webp 150w, https:\/\/skwroof.com\/wp-content\/uploads\/2023\/10\/elementor\/thumbs\/sue.miao_-qdhrou4j0u44n740humoeasqgaz2a3mq21k8ukcbsg.webp 120w, https:\/\/skwroof.com\/wp-content\/uploads\/2023\/10\/elementor\/thumbs\/sue.miao_-qdhrou4jl0cvzh9j4jttdanzbvpm2b3yd2h0vlynek.webp 166w, https:\/\/skwroof.com\/wp-content\/uploads\/2023\/10\/elementor\/thumbs\/sue.miao_-qdhrou4jzx59xln00zbm35vfa6cd7i7arh8droq3tc.webp 200w, https:\/\/skwroof.com\/wp-content\/uploads\/2023\/10\/elementor\/thumbs\/sue.miao_-qdhrou4jr5dzm009575dny3r2pi1h5k5l4bcjemnt4.webp 180w\" sizes=\"(max-width: 250px) 100vw, 250px\" \/>\t\t\t\t\t\t\t\t\t\t\t\t\t<\/div>\n\t\t\t\t<\/div>\n\t\t\t\t\t<\/div>\n\t\t<\/div>\n\t\t\t\t<div class=\"elementor-column elementor-col-50 elementor-top-column elementor-element elementor-element-db447d3\" data-id=\"db447d3\" data-element_type=\"column\">\n\t\t\t<div class=\"elementor-widget-wrap elementor-element-populated\">\n\t\t\t\t\t\t<div class=\"elementor-element elementor-element-6a31de7 fluentform-widget-submit-button-full-width fluent-form-widget-step-header-yes fluent-form-widget-step-progressbar-yes elementor-widget elementor-widget-fluent-form-widget\" data-id=\"6a31de7\" data-element_type=\"widget\" data-widget_type=\"fluent-form-widget.default\">\n\t\t\t\t<div class=\"elementor-widget-container\">\n\t\t\t\n            <div class=\"fluentform-widget-wrapper hide-placeholder fluentform-widget-align-default\">\n\n            \n            <div class='fluentform ff-default fluentform_wrapper_5 ffs_default_wrap'><form data-form_id=\"5\" id=\"fluentform_5\" class=\"frm-fluent-form fluent_form_5 ff-el-form-top ff_form_instance_5_1 ff-form-loading ffs_default\" data-form_instance=\"ff_form_instance_5_1\" method=\"POST\" action=\"\" ><fieldset  style=\"border: none!important;margin: 0!important;padding: 0!important;background-color: transparent!important;box-shadow: none!important;outline: none!important; min-inline-size: 100%;\">\n                    <legend class=\"ff_screen_reader_title\" style=\"display: block; margin: 0!important;padding: 0!important;height: 0!important;text-indent: -999999px;width: 0!important;overflow:hidden;\">Obtenir un mod\u00e8le de formulaire gratuit<\/legend>        <span style=\"display: none !important;\"><input type=\"checkbox\"\n                name=\"item__5__fluent_checkme_\"\n                value=\"1\" style=\"display:none !important;\" tabindex=\"-1\" aria-hidden=\"true\"><\/span>\n        <input type='hidden' name='__fluent_form_embded_post_id' value='7014' \/><input type=\"hidden\" id=\"_fluentform_5_fluentformnonce\" name=\"_fluentform_5_fluentformnonce\" value=\"595abbf35c\" \/><input type=\"hidden\" name=\"_wp_http_referer\" value=\"\/fr\/wp-json\/wp\/v2\/pages\/7014\" \/><div data-type=\"name-element\" data-name=\"names\" class=\"ff-field_container ff-name-field-wrapper\" ><div class='ff-t-container'><div class='ff-t-cell'><div class='ff-el-group'><div class=\"ff-el-input--label asterisk-right\"><label for='ff_5_names_first_name_' aria-label=\"Nom complet\">Nom complet<\/label><\/div><div class='ff-el-input--content'><input type=\"text\" name=\"names[first_name]\" id=\"ff_5_names_first_name_\" class=\"ff-el-form-control\" placeholder=\"Nom complet\" aria-invalid=\"false\" aria-required=\"false\"><\/div><\/div><\/div><\/div><\/div><div class='ff-el-group'><div class=\"ff-el-input--label asterisk-right\"><label for='ff_5_numeric-field' aria-label=\"Num\u00e9ro de t\u00e9l\u00e9phone (WhatsApp)\">Num\u00e9ro de t\u00e9l\u00e9phone (WhatsApp)<\/label><\/div><div class='ff-el-input--content'><input type=\"number\" name=\"numeric-field\" id=\"ff_5_numeric-field\" class=\"ff-el-form-control\" placeholder=\"Num\u00e9ro de t\u00e9l\u00e9phone\" data-name=\"numeric-field\" inputmode=\"numeric\" step=\"any\"  aria-invalid=\"false\" aria-required=\"false\"><\/div><\/div><div class='ff-el-group'><div class=\"ff-el-input--label ff-el-is-required asterisk-right\"><label for='ff_5_email' aria-label=\"Courriel\">Courriel<\/label><\/div><div class='ff-el-input--content'><input type=\"email\" name=\"email\" id=\"ff_5_email\" class=\"ff-el-form-control\" placeholder=\"Adresse \u00e9lectronique\" data-name=\"email\"  aria-invalid=\"false\" aria-required=\"true\"><\/div><\/div><div class='ff-el-group'><div class=\"ff-el-input--label ff-el-is-required asterisk-right\"><label for='ff_5_message' aria-label=\"Votre message\">Votre message<\/label><\/div><div class='ff-el-input--content'><textarea aria-invalid=\"false\" aria-required=\"true\" name=\"message\" id=\"ff_5_message\" class=\"ff-el-form-control\" placeholder=\"Votre message\" rows=\"4\" cols=\"2\" data-name=\"message\" ><\/textarea><\/div><\/div><input type=\"hidden\" name=\"subject\" value=\"Get Free Sample \" data-name=\"subject\" ><input type=\"hidden\" name=\"referer\" value=\"\" data-name=\"referer\" ><div class='ff-el-group ff-text-left ff_submit_btn_wrapper'><button type=\"submit\" class=\"ff-btn ff-btn-submit ff-btn-md ff_btn_style\" >Soumettre le formulaire<\/button><\/div><\/fieldset><input type=\"hidden\" name=\"trp-form-language\" value=\"fr\"\/><\/form><div id='fluentform_5_errors' class='ff-errors-in-stack ff_form_instance_5_1 ff-form-loading_errors ff_form_instance_5_1_errors'><\/div><\/div>        <script type=\"text\/javascript\">\n            window.fluent_form_ff_form_instance_5_1 = {\"id\":\"5\",\"settings\":{\"layout\":{\"labelPlacement\":\"top\",\"helpMessagePlacement\":\"with_label\",\"errorMessagePlacement\":\"inline\",\"cssClassName\":\"\",\"asteriskPlacement\":\"asterisk-right\"},\"restrictions\":{\"denyEmptySubmission\":{\"enabled\":false}}},\"form_instance\":\"ff_form_instance_5_1\",\"form_id_selector\":\"fluentform_5\",\"rules\":{\"names[first_name]\":{\"required\":{\"value\":false,\"message\":\"This field is required\"}},\"names[middle_name]\":{\"required\":{\"value\":false,\"message\":\"This field is required\"}},\"names[last_name]\":{\"required\":{\"value\":false,\"message\":\"This field is required\"}},\"numeric-field\":{\"required\":{\"value\":false,\"message\":\"This field is required\"},\"numeric\":{\"value\":true,\"message\":\"This field must contain numeric value\"},\"min\":{\"value\":\"\",\"message\":\"Minimum value is \"},\"max\":{\"value\":\"\",\"message\":\"Maximum value is \"},\"digits\":{\"value\":\"\",\"message\":\"The number of digits has to be \"}},\"email\":{\"required\":{\"value\":true,\"message\":\"This field is required\"},\"email\":{\"value\":true,\"message\":\"This field must contain a valid email\"}},\"message\":{\"required\":{\"value\":true,\"message\":\"This field is required\"}}}};\n                    <\/script>\n                    <\/div>\n\n            \t\t<\/div>\n\t\t\t\t<\/div>\n\t\t\t\t\t<\/div>\n\t\t<\/div>\n\t\t\t\t\t<\/div>\n\t\t<\/section>\n\t\t\t\t<\/div>","protected":false},"excerpt":{"rendered":"<p>Obtenir un \u00e9chantillon gratuit Besoin d'un \u00e9chantillon ? Remplissez le formulaire ci-dessous et un membre de notre \u00e9quipe vous contactera. Nous vous fournirons des \u00e9chantillons gratuits. En remplissant ce formulaire, notre \u00e9quipe d'experts sera \u00e0 votre service dans les 12 heures, en sachant plus sur les d\u00e9tails de l'\u00e9chantillon de toit, nous prendrons l'\u00e9tape suivante [...]<\/p>","protected":false},"author":1,"featured_media":0,"parent":0,"menu_order":10,"comment_status":"closed","ping_status":"closed","template":"","meta":{"footnotes":""},"class_list":["post-7014","page","type-page","status-publish","hentry"],"_links":{"self":[{"href":"https:\/\/skwroof.com\/fr\/wp-json\/wp\/v2\/pages\/7014"}],"collection":[{"href":"https:\/\/skwroof.com\/fr\/wp-json\/wp\/v2\/pages"}],"about":[{"href":"https:\/\/skwroof.com\/fr\/wp-json\/wp\/v2\/types\/page"}],"author":[{"embeddable":true,"href":"https:\/\/skwroof.com\/fr\/wp-json\/wp\/v2\/users\/1"}],"replies":[{"embeddable":true,"href":"https:\/\/skwroof.com\/fr\/wp-json\/wp\/v2\/comments?post=7014"}],"version-history":[{"count":0,"href":"https:\/\/skwroof.com\/fr\/wp-json\/wp\/v2\/pages\/7014\/revisions"}],"wp:attachment":[{"href":"https:\/\/skwroof.com\/fr\/wp-json\/wp\/v2\/media?parent=7014"}],"curies":[{"name":"wp","href":"https:\/\/api.w.org\/{rel}","templated":true}]}}