{"id":32,"date":"2023-08-22T03:17:48","date_gmt":"2023-08-22T03:17:48","guid":{"rendered":"http:\/\/127.0.0.1:8080\/?page_id=32"},"modified":"2023-10-24T09:58:23","modified_gmt":"2023-10-24T09:58:23","slug":"design-center","status":"publish","type":"page","link":"https:\/\/skwroof.com\/fr\/design-center\/","title":{"rendered":"Centre de design"},"content":{"rendered":"<div data-elementor-type=\"wp-page\" data-elementor-id=\"32\" class=\"elementor elementor-32\" data-elementor-post-type=\"page\">\n\t\t\t\t\t\t<section class=\"elementor-section elementor-top-section elementor-element elementor-element-71d64698 elementor-section-height-min-height elementor-section-items-stretch elementor-section-content-middle elementor-section-boxed elementor-section-height-default\" data-id=\"71d64698\" data-element_type=\"section\" data-settings=\"{&quot;background_background&quot;:&quot;classic&quot;}\">\n\t\t\t\t\t\t<div class=\"elementor-container elementor-column-gap-default\">\n\t\t\t\t\t<div class=\"elementor-column elementor-col-100 elementor-top-column elementor-element elementor-element-363e2bc5\" data-id=\"363e2bc5\" data-element_type=\"column\">\n\t\t\t<div class=\"elementor-widget-wrap elementor-element-populated\">\n\t\t\t\t\t\t<div class=\"elementor-element elementor-element-4ee9e46a elementor-widget elementor-widget-heading\" data-id=\"4ee9e46a\" data-element_type=\"widget\" data-widget_type=\"heading.default\">\n\t\t\t\t<div class=\"elementor-widget-container\">\n\t\t\t<h1 class=\"elementor-heading-title elementor-size-default\">Centre de design<\/h1>\t\t<\/div>\n\t\t\t\t<\/div>\n\t\t\t\t<div class=\"elementor-element elementor-element-3525dc7 elementor-widget elementor-widget-heading\" data-id=\"3525dc7\" data-element_type=\"widget\" data-widget_type=\"heading.default\">\n\t\t\t\t<div class=\"elementor-widget-container\">\n\t\t\t<h2 class=\"elementor-heading-title elementor-size-default\">Nous disposons d'un centre de conception de toitures sp\u00e9cialis\u00e9 et d'une ligne d'assemblage de t\u00f4les pour toitures m\u00e9talliques.<\/h2>\t\t<\/div>\n\t\t\t\t<\/div>\n\t\t\t\t\t<\/div>\n\t\t<\/div>\n\t\t\t\t\t<\/div>\n\t\t<\/section>\n\t\t\t\t<section class=\"elementor-section elementor-top-section elementor-element elementor-element-297b47ea elementor-section-boxed elementor-section-height-default elementor-section-height-default\" data-id=\"297b47ea\" data-element_type=\"section\">\n\t\t\t\t\t\t<div class=\"elementor-container elementor-column-gap-default\">\n\t\t\t\t\t<div class=\"elementor-column elementor-col-100 elementor-top-column elementor-element elementor-element-329b5cf8\" data-id=\"329b5cf8\" data-element_type=\"column\">\n\t\t\t<div class=\"elementor-widget-wrap elementor-element-populated\">\n\t\t\t\t\t\t<div class=\"elementor-element elementor-element-65fa3962 elementor-widget elementor-widget-heading\" data-id=\"65fa3962\" data-element_type=\"widget\" data-widget_type=\"heading.default\">\n\t\t\t\t<div class=\"elementor-widget-container\">\n\t\t\t<h2 class=\"elementor-heading-title elementor-size-default\">Nos excellentes capacit\u00e9s de personnalisation nous permettent d'\u00eatre le leader de l'industrie de la toiture en Chine.<\/h2>\t\t<\/div>\n\t\t\t\t<\/div>\n\t\t\t\t<div class=\"elementor-element elementor-element-fc20bf4 elementor-widget-divider--view-line elementor-widget elementor-widget-divider\" data-id=\"fc20bf4\" data-element_type=\"widget\" data-widget_type=\"divider.default\">\n\t\t\t\t<div class=\"elementor-widget-container\">\n\t\t\t\t\t<div class=\"elementor-divider\">\n\t\t\t<span class=\"elementor-divider-separator\">\n\t\t\t\t\t\t<\/span>\n\t\t<\/div>\n\t\t\t\t<\/div>\n\t\t\t\t<\/div>\n\t\t\t\t<section class=\"elementor-section elementor-inner-section elementor-element elementor-element-14525731 elementor-section-boxed elementor-section-height-default elementor-section-height-default\" data-id=\"14525731\" data-element_type=\"section\">\n\t\t\t\t\t\t<div class=\"elementor-container elementor-column-gap-default\">\n\t\t\t\t\t<div class=\"elementor-column elementor-col-50 elementor-inner-column elementor-element elementor-element-5961ee5a\" data-id=\"5961ee5a\" data-element_type=\"column\">\n\t\t\t<div class=\"elementor-widget-wrap elementor-element-populated\">\n\t\t\t\t\t\t<div class=\"elementor-element elementor-element-f0bf846 elementor-widget elementor-widget-text-editor\" data-id=\"f0bf846\" data-element_type=\"widget\" data-widget_type=\"text-editor.default\">\n\t\t\t\t<div class=\"elementor-widget-container\">\n\t\t\t\t\t\t\t<p>Au c\u0153ur de notre r\u00e9volution des toitures se trouvent <a href=\"https:\/\/skwroof.com\/fr\/about-skw\/\">Skywalker Chine (SKW)<\/a>SKW est une marque renomm\u00e9e dans l'industrie chinoise des toitures, qui se consacre \u00e0 l'innovation, \u00e0 la qualit\u00e9 et \u00e0 la personnalisation. Au sein de SKW, le North China Metal Roofing Molding Design Center sert de phare \u00e0 l'innovation et \u00e0 la cr\u00e9ativit\u00e9, abritant une \u00e9quipe de plus de 20 ing\u00e9nieurs accomplis sp\u00e9cialis\u00e9s dans les machines, le moulage, l'ing\u00e9nierie industrielle et d'autres domaines connexes. Ensemble, nous repoussons les limites de la conception des toitures et red\u00e9finissons l'avenir des syst\u00e8mes de couverture.<\/p><p>Le centre de conception de SKW pour les couvertures m\u00e9talliques en Chine du Nord est plus qu'une simple \u00e9quipe d'ing\u00e9nieurs ; c'est une force motrice collective qui transcende les conventions. Gr\u00e2ce \u00e0 la richesse de notre expertise et de nos connaissances, nous alimentons le centre en innovation et en cr\u00e9ativit\u00e9, en veillant \u00e0 ce que chaque conception soit pratique, efficace et parfaitement r\u00e9alisable.<\/p>\t\t\t\t\t\t<\/div>\n\t\t\t\t<\/div>\n\t\t\t\t\t<\/div>\n\t\t<\/div>\n\t\t\t\t<div class=\"elementor-column elementor-col-50 elementor-inner-column elementor-element elementor-element-605c693\" data-id=\"605c693\" data-element_type=\"column\">\n\t\t\t<div class=\"elementor-widget-wrap elementor-element-populated\">\n\t\t\t\t\t\t<div class=\"elementor-element elementor-element-1d3f43d elementor-widget elementor-widget-text-editor\" data-id=\"1d3f43d\" data-element_type=\"widget\" data-widget_type=\"text-editor.default\">\n\t\t\t\t<div class=\"elementor-widget-container\">\n\t\t\t\t\t\t\t<p>Nos capacit\u00e9s vont bien au-del\u00e0 de la conception. Nous nous lan\u00e7ons dans la fabrication de notre propre ligne de production de toitures m\u00e9talliques, ce qui t\u00e9moigne de notre approche holistique de la red\u00e9finition des syst\u00e8mes de toiture, de la conception \u00e0 la cr\u00e9ation. Cette int\u00e9gration garantit que les conceptions que nous d\u00e9veloppons ne sont pas seulement esth\u00e9tiques, mais aussi pratiques et efficaces.<\/p><p>Ce qui distingue vraiment SKW, c'est son engagement \u00e0 montrer la voie. Nos prouesses en mati\u00e8re de conception et de production ne sont pas limit\u00e9es par les fronti\u00e8res ; elles constituent une r\u00e9f\u00e9rence dans l'industrie chinoise des toitures. Nous sommes \u00e0 l'avant-garde et fournissons des solutions de toiture qui illustrent l'excellence et l'innovation.<\/p>\t\t\t\t\t\t<\/div>\n\t\t\t\t<\/div>\n\t\t\t\t\t<\/div>\n\t\t<\/div>\n\t\t\t\t\t<\/div>\n\t\t<\/section>\n\t\t\t\t\t<\/div>\n\t\t<\/div>\n\t\t\t\t\t<\/div>\n\t\t<\/section>\n\t\t\t\t<section class=\"elementor-section elementor-top-section elementor-element elementor-element-5cd04ad elementor-section-boxed elementor-section-height-default elementor-section-height-default\" data-id=\"5cd04ad\" data-element_type=\"section\" data-settings=\"{&quot;background_background&quot;:&quot;classic&quot;}\">\n\t\t\t\t\t\t<div class=\"elementor-container elementor-column-gap-default\">\n\t\t\t\t\t<div class=\"elementor-column elementor-col-50 elementor-top-column elementor-element elementor-element-c0a4aa1\" data-id=\"c0a4aa1\" data-element_type=\"column\">\n\t\t\t<div class=\"elementor-widget-wrap elementor-element-populated\">\n\t\t\t\t\t\t<div class=\"elementor-element elementor-element-3f2bfb4 elementor-widget elementor-widget-heading\" data-id=\"3f2bfb4\" data-element_type=\"widget\" data-widget_type=\"heading.default\">\n\t\t\t\t<div class=\"elementor-widget-container\">\n\t\t\t<h2 class=\"elementor-heading-title elementor-size-default\">Fondation de la toiture m\u00e9tallique en Chine<\/h2>\t\t<\/div>\n\t\t\t\t<\/div>\n\t\t\t\t<div class=\"elementor-element elementor-element-1e135c5 elementor-widget__width-initial elementor-widget-divider--view-line elementor-widget elementor-widget-divider\" data-id=\"1e135c5\" data-element_type=\"widget\" data-widget_type=\"divider.default\">\n\t\t\t\t<div class=\"elementor-widget-container\">\n\t\t\t\t\t<div class=\"elementor-divider\">\n\t\t\t<span class=\"elementor-divider-separator\">\n\t\t\t\t\t\t<\/span>\n\t\t<\/div>\n\t\t\t\t<\/div>\n\t\t\t\t<\/div>\n\t\t\t\t<div class=\"elementor-element elementor-element-9172872 elementor-align-left elementor-icon-list--layout-traditional elementor-list-item-link-full_width elementor-widget elementor-widget-icon-list\" data-id=\"9172872\" data-element_type=\"widget\" data-widget_type=\"icon-list.default\">\n\t\t\t\t<div class=\"elementor-widget-container\">\n\t\t\t\t\t<ul class=\"elementor-icon-list-items\">\n\t\t\t\t\t\t\t<li class=\"elementor-icon-list-item\">\n\t\t\t\t\t\t\t\t\t\t\t<span class=\"elementor-icon-list-icon\">\n\t\t\t\t\t\t\t<svg aria-hidden=\"true\" class=\"e-font-icon-svg e-fas-building\" viewbox=\"0 0 448 512\" xmlns=\"http:\/\/www.w3.org\/2000\/svg\"><path d=\"M436 480h-20V24c0-13.255-10.745-24-24-24H56C42.745 0 32 10.745 32 24v456H12c-6.627 0-12 5.373-12 12v20h448v-20c0-6.627-5.373-12-12-12zM128 76c0-6.627 5.373-12 12-12h40c6.627 0 12 5.373 12 12v40c0 6.627-5.373 12-12 12h-40c-6.627 0-12-5.373-12-12V76zm0 96c0-6.627 5.373-12 12-12h40c6.627 0 12 5.373 12 12v40c0 6.627-5.373 12-12 12h-40c-6.627 0-12-5.373-12-12v-40zm52 148h-40c-6.627 0-12-5.373-12-12v-40c0-6.627 5.373-12 12-12h40c6.627 0 12 5.373 12 12v40c0 6.627-5.373 12-12 12zm76 160h-64v-84c0-6.627 5.373-12 12-12h40c6.627 0 12 5.373 12 12v84zm64-172c0 6.627-5.373 12-12 12h-40c-6.627 0-12-5.373-12-12v-40c0-6.627 5.373-12 12-12h40c6.627 0 12 5.373 12 12v40zm0-96c0 6.627-5.373 12-12 12h-40c-6.627 0-12-5.373-12-12v-40c0-6.627 5.373-12 12-12h40c6.627 0 12 5.373 12 12v40zm0-96c0 6.627-5.373 12-12 12h-40c-6.627 0-12-5.373-12-12V76c0-6.627 5.373-12 12-12h40c6.627 0 12 5.373 12 12v40z\"><\/path><\/svg>\t\t\t\t\t\t<\/span>\n\t\t\t\t\t\t\t\t\t\t<span class=\"elementor-icon-list-text\">2 Design Center<\/span>\n\t\t\t\t\t\t\t\t\t<\/li>\n\t\t\t\t\t\t\t\t<li class=\"elementor-icon-list-item\">\n\t\t\t\t\t\t\t\t\t\t\t<span class=\"elementor-icon-list-icon\">\n\t\t\t\t\t\t\t<svg aria-hidden=\"true\" class=\"e-font-icon-svg e-fas-cogs\" viewbox=\"0 0 640 512\" xmlns=\"http:\/\/www.w3.org\/2000\/svg\"><path d=\"M512.1 191l-8.2 14.3c-3 5.3-9.4 7.5-15.1 5.4-11.8-4.4-22.6-10.7-32.1-18.6-4.6-3.8-5.8-10.5-2.8-15.7l8.2-14.3c-6.9-8-12.3-17.3-15.9-27.4h-16.5c-6 0-11.2-4.3-12.2-10.3-2-12-2.1-24.6 0-37.1 1-6 6.2-10.4 12.2-10.4h16.5c3.6-10.1 9-19.4 15.9-27.4l-8.2-14.3c-3-5.2-1.9-11.9 2.8-15.7 9.5-7.9 20.4-14.2 32.1-18.6 5.7-2.1 12.1.1 15.1 5.4l8.2 14.3c10.5-1.9 21.2-1.9 31.7 0L552 6.3c3-5.3 9.4-7.5 15.1-5.4 11.8 4.4 22.6 10.7 32.1 18.6 4.6 3.8 5.8 10.5 2.8 15.7l-8.2 14.3c6.9 8 12.3 17.3 15.9 27.4h16.5c6 0 11.2 4.3 12.2 10.3 2 12 2.1 24.6 0 37.1-1 6-6.2 10.4-12.2 10.4h-16.5c-3.6 10.1-9 19.4-15.9 27.4l8.2 14.3c3 5.2 1.9 11.9-2.8 15.7-9.5 7.9-20.4 14.2-32.1 18.6-5.7 2.1-12.1-.1-15.1-5.4l-8.2-14.3c-10.4 1.9-21.2 1.9-31.7 0zm-10.5-58.8c38.5 29.6 82.4-14.3 52.8-52.8-38.5-29.7-82.4 14.3-52.8 52.8zM386.3 286.1l33.7 16.8c10.1 5.8 14.5 18.1 10.5 29.1-8.9 24.2-26.4 46.4-42.6 65.8-7.4 8.9-20.2 11.1-30.3 5.3l-29.1-16.8c-16 13.7-34.6 24.6-54.9 31.7v33.6c0 11.6-8.3 21.6-19.7 23.6-24.6 4.2-50.4 4.4-75.9 0-11.5-2-20-11.9-20-23.6V418c-20.3-7.2-38.9-18-54.9-31.7L74 403c-10 5.8-22.9 3.6-30.3-5.3-16.2-19.4-33.3-41.6-42.2-65.7-4-10.9.4-23.2 10.5-29.1l33.3-16.8c-3.9-20.9-3.9-42.4 0-63.4L12 205.8c-10.1-5.8-14.6-18.1-10.5-29 8.9-24.2 26-46.4 42.2-65.8 7.4-8.9 20.2-11.1 30.3-5.3l29.1 16.8c16-13.7 34.6-24.6 54.9-31.7V57.1c0-11.5 8.2-21.5 19.6-23.5 24.6-4.2 50.5-4.4 76-.1 11.5 2 20 11.9 20 23.6v33.6c20.3 7.2 38.9 18 54.9 31.7l29.1-16.8c10-5.8 22.9-3.6 30.3 5.3 16.2 19.4 33.2 41.6 42.1 65.8 4 10.9.1 23.2-10 29.1l-33.7 16.8c3.9 21 3.9 42.5 0 63.5zm-117.6 21.1c59.2-77-28.7-164.9-105.7-105.7-59.2 77 28.7 164.9 105.7 105.7zm243.4 182.7l-8.2 14.3c-3 5.3-9.4 7.5-15.1 5.4-11.8-4.4-22.6-10.7-32.1-18.6-4.6-3.8-5.8-10.5-2.8-15.7l8.2-14.3c-6.9-8-12.3-17.3-15.9-27.4h-16.5c-6 0-11.2-4.3-12.2-10.3-2-12-2.1-24.6 0-37.1 1-6 6.2-10.4 12.2-10.4h16.5c3.6-10.1 9-19.4 15.9-27.4l-8.2-14.3c-3-5.2-1.9-11.9 2.8-15.7 9.5-7.9 20.4-14.2 32.1-18.6 5.7-2.1 12.1.1 15.1 5.4l8.2 14.3c10.5-1.9 21.2-1.9 31.7 0l8.2-14.3c3-5.3 9.4-7.5 15.1-5.4 11.8 4.4 22.6 10.7 32.1 18.6 4.6 3.8 5.8 10.5 2.8 15.7l-8.2 14.3c6.9 8 12.3 17.3 15.9 27.4h16.5c6 0 11.2 4.3 12.2 10.3 2 12 2.1 24.6 0 37.1-1 6-6.2 10.4-12.2 10.4h-16.5c-3.6 10.1-9 19.4-15.9 27.4l8.2 14.3c3 5.2 1.9 11.9-2.8 15.7-9.5 7.9-20.4 14.2-32.1 18.6-5.7 2.1-12.1-.1-15.1-5.4l-8.2-14.3c-10.4 1.9-21.2 1.9-31.7 0zM501.6 431c38.5 29.6 82.4-14.3 52.8-52.8-38.5-29.6-82.4 14.3-52.8 52.8z\"><\/path><\/svg>\t\t\t\t\t\t<\/span>\n\t\t\t\t\t\t\t\t\t\t<span class=\"elementor-icon-list-text\">5 lignes d'assemblage<\/span>\n\t\t\t\t\t\t\t\t\t<\/li>\n\t\t\t\t\t\t\t\t<li class=\"elementor-icon-list-item\">\n\t\t\t\t\t\t\t\t\t\t\t<span class=\"elementor-icon-list-icon\">\n\t\t\t\t\t\t\t<svg aria-hidden=\"true\" class=\"e-font-icon-svg e-fas-user-plus\" viewbox=\"0 0 640 512\" xmlns=\"http:\/\/www.w3.org\/2000\/svg\"><path d=\"M624 208h-64v-64c0-8.8-7.2-16-16-16h-32c-8.8 0-16 7.2-16 16v64h-64c-8.8 0-16 7.2-16 16v32c0 8.8 7.2 16 16 16h64v64c0 8.8 7.2 16 16 16h32c8.8 0 16-7.2 16-16v-64h64c8.8 0 16-7.2 16-16v-32c0-8.8-7.2-16-16-16zm-400 48c70.7 0 128-57.3 128-128S294.7 0 224 0 96 57.3 96 128s57.3 128 128 128zm89.6 32h-16.7c-22.2 10.2-46.9 16-72.9 16s-50.6-5.8-72.9-16h-16.7C60.2 288 0 348.2 0 422.4V464c0 26.5 21.5 48 48 48h352c26.5 0 48-21.5 48-48v-41.6c0-74.2-60.2-134.4-134.4-134.4z\"><\/path><\/svg>\t\t\t\t\t\t<\/span>\n\t\t\t\t\t\t\t\t\t\t<span class=\"elementor-icon-list-text\">20+ Ing\u00e9nieurs<\/span>\n\t\t\t\t\t\t\t\t\t<\/li>\n\t\t\t\t\t\t<\/ul>\n\t\t\t\t<\/div>\n\t\t\t\t<\/div>\n\t\t\t\t\t<\/div>\n\t\t<\/div>\n\t\t\t\t<div class=\"elementor-column elementor-col-50 elementor-top-column elementor-element elementor-element-56db5f7\" data-id=\"56db5f7\" data-element_type=\"column\">\n\t\t\t<div class=\"elementor-widget-wrap elementor-element-populated\">\n\t\t\t\t\t\t<div class=\"elementor-element elementor-element-68b8a46 elementor-invisible elementor-widget elementor-widget-video\" data-id=\"68b8a46\" data-element_type=\"widget\" data-settings=\"{&quot;youtube_url&quot;:&quot;https:\\\/\\\/youtu.be\\\/4P5y4IcbsK0&quot;,&quot;_animation&quot;:&quot;bounceInRight&quot;,&quot;lazy_load&quot;:&quot;yes&quot;,&quot;video_type&quot;:&quot;youtube&quot;}\" data-widget_type=\"video.default\">\n\t\t\t\t<div class=\"elementor-widget-container\">\n\t\t\t\t\t<div class=\"elementor-wrapper elementor-open-inline\">\n\t\t\t<div class=\"elementor-video\"><\/div>\t\t<\/div>\n\t\t\t\t<\/div>\n\t\t\t\t<\/div>\n\t\t\t\t\t<\/div>\n\t\t<\/div>\n\t\t\t\t\t<\/div>\n\t\t<\/section>\n\t\t\t\t<section class=\"elementor-section elementor-top-section elementor-element elementor-element-4f819ab elementor-section-boxed elementor-section-height-default elementor-section-height-default\" data-id=\"4f819ab\" data-element_type=\"section\">\n\t\t\t\t\t\t<div class=\"elementor-container elementor-column-gap-default\">\n\t\t\t\t\t<div class=\"elementor-column elementor-col-100 elementor-top-column elementor-element elementor-element-80b8983\" data-id=\"80b8983\" data-element_type=\"column\">\n\t\t\t<div class=\"elementor-widget-wrap elementor-element-populated\">\n\t\t\t\t\t\t<div class=\"elementor-element elementor-element-1326fee elementor-widget elementor-widget-text-editor\" data-id=\"1326fee\" data-element_type=\"widget\" data-widget_type=\"text-editor.default\">\n\t\t\t\t<div class=\"elementor-widget-container\">\n\t\t\t\t\t\t\t<p>En outre, l'engagement de SKW en faveur de la personnalisation est un aspect cl\u00e9 de notre marque. Au sein de la\u00a0<a href=\"https:\/\/youtu.be\/4P5y4IcbsK0\" target=\"_blank\" rel=\"noopener\">Centre de conception de moulages pour toitures m\u00e9talliques en Chine du Nord<\/a>Nous excellons dans l'offre de solutions sur mesure pour r\u00e9pondre aux exigences et aux pr\u00e9f\u00e9rences uniques de nos clients. Notre \u00e9quipe d'ing\u00e9nieurs collabore \u00e9troitement avec les clients, en tirant parti de nos appareils de num\u00e9risation 3D de pointe et de nos logiciels de conception avanc\u00e9s pour transformer leurs id\u00e9es en plans tangibles, ce qui nous permet de concevoir n'importe quelle forme appropri\u00e9e de produits de tuiles m\u00e9talliques, d'accomplir n'importe laquelle de vos id\u00e9es pour d\u00e9velopper un nouveau profil de toiture afin de r\u00e9pondre \u00e0 la demande du march\u00e9 en constante augmentation.<\/p><p>En termes de personnalisation des toitures m\u00e9talliques, SKW n'a pas d'\u00e9gal. Nous offrons une large gamme d'options, y compris des motifs de tuiles, des couleurs et d'autres aspects esth\u00e9tiques, permettant aux clients d'obtenir l'aspect et le style qu'ils souhaitent. Des mod\u00e8les de tuiles traditionnels et classiques aux conceptions modernes et innovantes, nous r\u00e9pondons aux diff\u00e9rents styles architecturaux et aux pr\u00e9f\u00e9rences personnelles. Nos ing\u00e9nieurs veillent \u00e0 ce que la conception des carreaux personnalis\u00e9s r\u00e9ponde non seulement aux attentes esth\u00e9tiques, mais aussi aux normes les plus strictes en mati\u00e8re de fonctionnalit\u00e9 et de durabilit\u00e9.<\/p><p>En outre, l'engagement de SKW en faveur de l'innovation s'\u00e9tend au d\u00e9veloppement de notre ligne de production de toitures m\u00e9talliques et de notre \u00e9quipement. Nous investissons des ressources importantes dans la recherche et le d\u00e9veloppement afin d'am\u00e9liorer l'efficacit\u00e9 de nos processus de fabrication. Cela nous permet d'int\u00e9grer de mani\u00e8re transparente les sp\u00e9cifications de la conception personnalis\u00e9e dans la ligne de production, garantissant ainsi un flux de travail de fabrication fluide et rationalis\u00e9.<\/p><p>Gr\u00e2ce \u00e0 son approche int\u00e9gr\u00e9e, SKW s'est impos\u00e9 comme un leader dans l'industrie chinoise des toitures. Notre capacit\u00e9 \u00e0 fournir des solutions de toiture m\u00e9tallique sur mesure et de haute qualit\u00e9, de la conception \u00e0 la r\u00e9alisation, nous distingue de la concurrence. Nous sommes fiers de notre r\u00f4le d'innovateurs dans l'industrie, repoussant sans cesse les limites et \u00e9tablissant de nouvelles r\u00e9f\u00e9rences en mati\u00e8re d'excellence et d'innovation.<\/p><p>En conclusion, Skywalker China (SKW) et son North China Metal Roofing Molding Design Center sont \u00e0 l'avant-garde de l'industrie des toitures, stimulant l'innovation et la personnalisation. Gr\u00e2ce \u00e0 notre \u00e9quipe d'ing\u00e9nieurs, \u00e0 notre technologie de pointe et \u00e0 notre approche int\u00e9gr\u00e9e, nous red\u00e9finissons les syst\u00e8mes de toiture, de la conception \u00e0 la production. Notre engagement en faveur de l'excellence, de la personnalisation et de l'avant-garde constitue une r\u00e9f\u00e9rence dans l'industrie chinoise des toitures.<\/p>\t\t\t\t\t\t<\/div>\n\t\t\t\t<\/div>\n\t\t\t\t<div class=\"elementor-element elementor-element-51f8915 elementor-widget elementor-widget-image\" data-id=\"51f8915\" data-element_type=\"widget\" data-widget_type=\"image.default\">\n\t\t\t\t<div class=\"elementor-widget-container\">\n\t\t\t\t\t\t\t\t\t\t\t\t\t<img fetchpriority=\"high\" decoding=\"async\" width=\"1120\" height=\"597\" src=\"https:\/\/skwroof.com\/wp-content\/uploads\/2023\/10\/RD-Center.webp\" class=\"attachment-full size-full wp-image-10187\" alt=\"SKW Design Center\" srcset=\"https:\/\/skwroof.com\/wp-content\/uploads\/2023\/10\/RD-Center.webp 1120w, https:\/\/skwroof.com\/wp-content\/uploads\/2023\/10\/RD-Center-300x160.webp 300w, https:\/\/skwroof.com\/wp-content\/uploads\/2023\/10\/RD-Center-1024x546.webp 1024w, https:\/\/skwroof.com\/wp-content\/uploads\/2023\/10\/RD-Center-768x409.webp 768w\" sizes=\"(max-width: 1120px) 100vw, 1120px\" \/>\t\t\t\t\t\t\t\t\t\t\t\t\t<\/div>\n\t\t\t\t<\/div>\n\t\t\t\t\t<\/div>\n\t\t<\/div>\n\t\t\t\t\t<\/div>\n\t\t<\/section>\n\t\t\t\t<\/div>","protected":false},"excerpt":{"rendered":"<p>Centre de conception Nous disposons d'un centre de conception de toitures sp\u00e9cialis\u00e9 ainsi que d'une ligne d'assemblage de toitures m\u00e9talliques compl\u00e8te. Nos excellentes capacit\u00e9s de personnalisation nous permettent d'\u00eatre le leader de l'industrie chinoise des toitures. Au c\u0153ur de notre r\u00e9volution de la toiture se trouve Skywalker China (SKW), une marque renomm\u00e9e dans l'industrie chinoise de la toiture, engag\u00e9e dans l'innovation, la qualit\u00e9 et [...]<\/p>","protected":false},"author":1,"featured_media":0,"parent":0,"menu_order":2,"comment_status":"closed","ping_status":"closed","template":"","meta":{"footnotes":""},"class_list":["post-32","page","type-page","status-publish","hentry"],"_links":{"self":[{"href":"https:\/\/skwroof.com\/fr\/wp-json\/wp\/v2\/pages\/32"}],"collection":[{"href":"https:\/\/skwroof.com\/fr\/wp-json\/wp\/v2\/pages"}],"about":[{"href":"https:\/\/skwroof.com\/fr\/wp-json\/wp\/v2\/types\/page"}],"author":[{"embeddable":true,"href":"https:\/\/skwroof.com\/fr\/wp-json\/wp\/v2\/users\/1"}],"replies":[{"embeddable":true,"href":"https:\/\/skwroof.com\/fr\/wp-json\/wp\/v2\/comments?post=32"}],"version-history":[{"count":0,"href":"https:\/\/skwroof.com\/fr\/wp-json\/wp\/v2\/pages\/32\/revisions"}],"wp:attachment":[{"href":"https:\/\/skwroof.com\/fr\/wp-json\/wp\/v2\/media?parent=32"}],"curies":[{"name":"wp","href":"https:\/\/api.w.org\/{rel}","templated":true}]}}