{"id":3,"date":"2023-08-22T02:59:42","date_gmt":"2023-08-22T02:59:42","guid":{"rendered":"http:\/\/127.0.0.1:8080\/?page_id=3"},"modified":"2023-10-24T10:23:13","modified_gmt":"2023-10-24T10:23:13","slug":"privacy-policy","status":"publish","type":"page","link":"https:\/\/skwroof.com\/fr\/privacy-policy\/","title":{"rendered":"Politique de confidentialit\u00e9"},"content":{"rendered":"<div data-elementor-type=\"wp-page\" data-elementor-id=\"3\" class=\"elementor elementor-3\" data-elementor-post-type=\"page\">\n\t\t\t\t\t\t<section class=\"elementor-section elementor-top-section elementor-element elementor-element-8107799 elementor-section-height-min-height elementor-section-boxed elementor-section-height-default elementor-section-items-middle\" data-id=\"8107799\" data-element_type=\"section\" data-settings=\"{&quot;background_background&quot;:&quot;classic&quot;}\">\n\t\t\t\t\t\t<div class=\"elementor-container elementor-column-gap-default\">\n\t\t\t\t\t<div class=\"elementor-column elementor-col-50 elementor-top-column elementor-element elementor-element-fa90fa6\" data-id=\"fa90fa6\" data-element_type=\"column\">\n\t\t\t<div class=\"elementor-widget-wrap elementor-element-populated\">\n\t\t\t\t\t\t<div class=\"elementor-element elementor-element-0c829ea elementor-widget elementor-widget-heading\" data-id=\"0c829ea\" data-element_type=\"widget\" data-widget_type=\"heading.default\">\n\t\t\t\t<div class=\"elementor-widget-container\">\n\t\t\t<h1 class=\"elementor-heading-title elementor-size-default\">POLITIQUE DE CONFIDENTIALIT\u00c9<\/h1>\t\t<\/div>\n\t\t\t\t<\/div>\n\t\t\t\t\t<\/div>\n\t\t<\/div>\n\t\t\t\t<div class=\"elementor-column elementor-col-50 elementor-top-column elementor-element elementor-element-3499941\" data-id=\"3499941\" data-element_type=\"column\">\n\t\t\t<div class=\"elementor-widget-wrap elementor-element-populated\">\n\t\t\t\t\t\t<div class=\"elementor-element elementor-element-77c10b9 elementor-widget__width-initial elementor-widget elementor-widget-image\" data-id=\"77c10b9\" data-element_type=\"widget\" data-widget_type=\"image.default\">\n\t\t\t\t<div class=\"elementor-widget-container\">\n\t\t\t\t\t\t\t\t\t\t\t\t\t<img decoding=\"async\" width=\"150\" height=\"150\" src=\"https:\/\/skwroof.com\/wp-content\/uploads\/2023\/10\/SKW-Privacy-policy-150x150.webp\" class=\"attachment-thumbnail size-thumbnail wp-image-9862\" alt=\"Privacy policy\" srcset=\"https:\/\/skwroof.com\/wp-content\/uploads\/2023\/10\/SKW-Privacy-policy-150x150.webp 150w, https:\/\/skwroof.com\/wp-content\/uploads\/2023\/10\/SKW-Privacy-policy-300x300.webp 300w, https:\/\/skwroof.com\/wp-content\/uploads\/2023\/10\/SKW-Privacy-policy.webp 500w\" sizes=\"(max-width: 150px) 100vw, 150px\" \/>\t\t\t\t\t\t\t\t\t\t\t\t\t<\/div>\n\t\t\t\t<\/div>\n\t\t\t\t\t<\/div>\n\t\t<\/div>\n\t\t\t\t\t<\/div>\n\t\t<\/section>\n\t\t\t\t<section class=\"elementor-section elementor-top-section elementor-element elementor-element-7f77c045 elementor-section-boxed elementor-section-height-default elementor-section-height-default\" data-id=\"7f77c045\" data-element_type=\"section\">\n\t\t\t\t\t\t<div class=\"elementor-container elementor-column-gap-default\">\n\t\t\t\t\t<div class=\"elementor-column elementor-col-100 elementor-top-column elementor-element elementor-element-76d92d22\" data-id=\"76d92d22\" data-element_type=\"column\">\n\t\t\t<div class=\"elementor-widget-wrap elementor-element-populated\">\n\t\t\t\t\t\t<div class=\"elementor-element elementor-element-1f01a6de elementor-widget elementor-widget-text-editor\" data-id=\"1f01a6de\" data-element_type=\"widget\" data-widget_type=\"text-editor.default\">\n\t\t\t\t<div class=\"elementor-widget-container\">\n\t\t\t\t\t\t\t<p class=\"whitespace-pre-wrap\"><strong>Date d'entr\u00e9e en vigueur : 1er septembre 2023<\/strong><\/p>\n<p class=\"whitespace-pre-wrap\">Bienvenue sur le site de la SKW (ci-apr\u00e8s d\u00e9nomm\u00e9e \"nous\" ou \"ce site web\"). L'adresse de notre site web est la suivante : <a href=\"https:\/\/skwroof.com\/fr\/\">http:\/\/skwroof.com<\/a>. La pr\u00e9sente politique de confidentialit\u00e9 est con\u00e7ue pour vous aider \u00e0 comprendre comment nous recueillons, utilisons et prot\u00e9geons vos informations personnelles.<\/p>\n<p class=\"whitespace-pre-wrap\"><strong>Notre engagement et notre objectif<\/strong><\/p>\n<p class=\"whitespace-pre-wrap\">Nous nous engageons solennellement \u00e0 prot\u00e9ger vos informations personnelles. Toutes les informations collect\u00e9es seront utilis\u00e9es pour communiquer avec vous, r\u00e9pondre \u00e0 vos questions et am\u00e9liorer nos services.<\/p>\n<p class=\"whitespace-pre-wrap\"><strong>M\u00e9thodes de collecte des donn\u00e9es<\/strong><\/p>\n<p class=\"whitespace-pre-wrap\">Nous recueillons vos informations par le biais de formulaires de contact sur notre site web, o\u00f9 nous pouvons recueillir des informations telles que le nom, l'adresse \u00e9lectronique, le num\u00e9ro de t\u00e9l\u00e9phone et le contenu du message. Nous utilisons \u00e9galement des cookies analytiques et d'autres technologies similaires pour collecter des donn\u00e9es d'utilisation agr\u00e9g\u00e9es.<\/p>\n<p class=\"whitespace-pre-wrap\"><strong>Objet de la collecte<\/strong><\/p>\n<p class=\"whitespace-pre-wrap\">Les informations collect\u00e9es seront utilis\u00e9es aux fins suivantes :<\/p>\n<ul class=\"list-disc pl-8 space-y-2\">\n<li class=\"whitespace-normal\">Pour communiquer avec vous et r\u00e9pondre \u00e0 vos questions et demandes.<\/li>\n<li class=\"whitespace-normal\">Am\u00e9liorer nos produits, nos services et l'exp\u00e9rience de nos clients.<\/li>\n<li class=\"whitespace-normal\">Pour vous fournir des mises \u00e0 jour, des promotions et des notifications de nouvelles concernant nos services, avec votre consentement.<\/li>\n<\/ul>\n<p class=\"whitespace-pre-wrap\"><strong>Conservation des donn\u00e9es<\/strong><\/p>\n<p class=\"whitespace-pre-wrap\">Nous conservons les donn\u00e9es \u00e0 caract\u00e8re personnel aussi longtemps que n\u00e9cessaire pour atteindre les objectifs d\u00e9crits dans la pr\u00e9sente politique, \u00e0 moins qu'une p\u00e9riode de conservation plus longue ne soit requise ou autoris\u00e9e par la loi.\u00a0<\/p>\n<p class=\"whitespace-pre-wrap\"><strong>Droits de l'utilisateur<\/strong><\/p>\n<p class=\"whitespace-pre-wrap\">Vous avez les droits suivants :<\/p>\n<ul class=\"list-disc pl-8 space-y-2\">\n<li class=\"whitespace-normal\">Acc\u00e9der, corriger, supprimer, restreindre ou s'opposer au traitement de vos donn\u00e9es personnelles.<\/li>\n<li class=\"whitespace-normal\">Demander la portabilit\u00e9 de vos donn\u00e9es personnelles.<\/li>\n<li class=\"whitespace-normal\">Pour refuser ou se d\u00e9sinscrire des communications marketing.<\/li>\n<\/ul>\n<p class=\"whitespace-pre-wrap\"><strong>Vie priv\u00e9e des enfants<\/strong><\/p>\n<p class=\"whitespace-pre-wrap\">Notre site web ne s'adresse pas aux enfants de moins de 16 ans. Nous ne recueillons pas sciemment d'informations personnelles aupr\u00e8s d'enfants de moins de 16 ans sans le consentement de leurs parents.<\/p>\n<p class=\"whitespace-pre-wrap\"><strong>S\u00e9curit\u00e9<\/strong><\/p>\n<p class=\"whitespace-pre-wrap\">Nous mettons en \u0153uvre des mesures de s\u00e9curit\u00e9 techniques et organisationnelles appropri\u00e9es pour prot\u00e9ger vos donn\u00e9es.<\/p>\n<p class=\"whitespace-pre-wrap\"><strong>Modifications de la politique de confidentialit\u00e9<\/strong><\/p>\n<p class=\"whitespace-pre-wrap\">Nous pouvons mettre \u00e0 jour la pr\u00e9sente politique de confidentialit\u00e9 de temps \u00e0 autre. Si nous apportons des modifications importantes, nous vous en informerons sur notre site web. La politique de confidentialit\u00e9 mise \u00e0 jour s'appliquera aux donn\u00e9es collect\u00e9es apr\u00e8s la date de r\u00e9vision.<\/p>\n<p class=\"whitespace-pre-wrap\"><strong>Nous contacter<\/strong><\/p>\n<p class=\"whitespace-pre-wrap\">Si vous avez des questions ou des pr\u00e9occupations concernant la pr\u00e9sente politique de confidentialit\u00e9 ou nos pratiques en mati\u00e8re de donn\u00e9es, veuillez nous contacter \u00e0 l'adresse suivante<\/p>\n<p class=\"whitespace-pre-wrap\">Skywalker China Co., Ltd, connue sous le nom de SKW, a \u00e9t\u00e9 cr\u00e9\u00e9e en mai 2019 dans la ville de Dezhou, dans la province de Shandong, au nord-est de la Chine, \u00e0 proximit\u00e9 des ports de Qingdao et de Tianjin, \u00e0 une heure et demie de P\u00e9kin en train.<br \/>Courriel : <a href=\"mailto:business@skywalkerchina.com\">business@skywalkerchina.com<\/a><\/p>\n<p class=\"whitespace-pre-wrap\">Merci d'avoir choisi SKW. Nous nous engageons \u00e0 prot\u00e9ger votre vie priv\u00e9e.<\/p>\t\t\t\t\t\t<\/div>\n\t\t\t\t<\/div>\n\t\t\t\t\t<\/div>\n\t\t<\/div>\n\t\t\t\t\t<\/div>\n\t\t<\/section>\n\t\t\t\t<\/div>","protected":false},"excerpt":{"rendered":"<p>POLITIQUE DE CONFIDENTIALIT\u00c9 Date : 1er septembre 2023 Bienvenue sur le site de SKW (ci-apr\u00e8s d\u00e9nomm\u00e9 \"nous\" ou \"ce site web\"). L'adresse de notre site web est : http:\/\/skwroof.com. Cette politique de confidentialit\u00e9 est con\u00e7ue pour vous aider \u00e0 comprendre comment nous recueillons, utilisons et prot\u00e9geons vos informations personnelles. Notre engagement et notre objectif Nous nous engageons solennellement \u00e0 prot\u00e9ger vos informations personnelles. Toutes les informations collect\u00e9es [...]<\/p>","protected":false},"author":1,"featured_media":0,"parent":0,"menu_order":12,"comment_status":"closed","ping_status":"closed","template":"","meta":{"footnotes":""},"class_list":["post-3","page","type-page","status-publish","hentry"],"_links":{"self":[{"href":"https:\/\/skwroof.com\/fr\/wp-json\/wp\/v2\/pages\/3"}],"collection":[{"href":"https:\/\/skwroof.com\/fr\/wp-json\/wp\/v2\/pages"}],"about":[{"href":"https:\/\/skwroof.com\/fr\/wp-json\/wp\/v2\/types\/page"}],"author":[{"embeddable":true,"href":"https:\/\/skwroof.com\/fr\/wp-json\/wp\/v2\/users\/1"}],"replies":[{"embeddable":true,"href":"https:\/\/skwroof.com\/fr\/wp-json\/wp\/v2\/comments?post=3"}],"version-history":[{"count":0,"href":"https:\/\/skwroof.com\/fr\/wp-json\/wp\/v2\/pages\/3\/revisions"}],"wp:attachment":[{"href":"https:\/\/skwroof.com\/fr\/wp-json\/wp\/v2\/media?parent=3"}],"curies":[{"name":"wp","href":"https:\/\/api.w.org\/{rel}","templated":true}]}}