{"id":32,"date":"2023-08-22T03:17:48","date_gmt":"2023-08-22T03:17:48","guid":{"rendered":"http:\/\/127.0.0.1:8080\/?page_id=32"},"modified":"2023-10-24T09:58:23","modified_gmt":"2023-10-24T09:58:23","slug":"design-center","status":"publish","type":"page","link":"https:\/\/skwroof.com\/es\/design-center\/","title":{"rendered":"Centro de dise\u00f1o"},"content":{"rendered":"<div data-elementor-type=\"wp-page\" data-elementor-id=\"32\" class=\"elementor elementor-32\" data-elementor-post-type=\"page\">\n\t\t\t\t\t\t<section class=\"elementor-section elementor-top-section elementor-element elementor-element-71d64698 elementor-section-height-min-height elementor-section-items-stretch elementor-section-content-middle elementor-section-boxed elementor-section-height-default\" data-id=\"71d64698\" data-element_type=\"section\" data-settings=\"{&quot;background_background&quot;:&quot;classic&quot;}\">\n\t\t\t\t\t\t<div class=\"elementor-container elementor-column-gap-default\">\n\t\t\t\t\t<div class=\"elementor-column elementor-col-100 elementor-top-column elementor-element elementor-element-363e2bc5\" data-id=\"363e2bc5\" data-element_type=\"column\">\n\t\t\t<div class=\"elementor-widget-wrap elementor-element-populated\">\n\t\t\t\t\t\t<div class=\"elementor-element elementor-element-4ee9e46a elementor-widget elementor-widget-heading\" data-id=\"4ee9e46a\" data-element_type=\"widget\" data-widget_type=\"heading.default\">\n\t\t\t\t<div class=\"elementor-widget-container\">\n\t\t\t<h1 class=\"elementor-heading-title elementor-size-default\">Centro de dise\u00f1o<\/h1>\t\t<\/div>\n\t\t\t\t<\/div>\n\t\t\t\t<div class=\"elementor-element elementor-element-3525dc7 elementor-widget elementor-widget-heading\" data-id=\"3525dc7\" data-element_type=\"widget\" data-widget_type=\"heading.default\">\n\t\t\t\t<div class=\"elementor-widget-container\">\n\t\t\t<h2 class=\"elementor-heading-title elementor-size-default\">Contamos con un centro experto en dise\u00f1o de tejados y con una completa l\u00ednea de montaje de chapas met\u00e1licas para tejados.<\/h2>\t\t<\/div>\n\t\t\t\t<\/div>\n\t\t\t\t\t<\/div>\n\t\t<\/div>\n\t\t\t\t\t<\/div>\n\t\t<\/section>\n\t\t\t\t<section class=\"elementor-section elementor-top-section elementor-element elementor-element-297b47ea elementor-section-boxed elementor-section-height-default elementor-section-height-default\" data-id=\"297b47ea\" data-element_type=\"section\">\n\t\t\t\t\t\t<div class=\"elementor-container elementor-column-gap-default\">\n\t\t\t\t\t<div class=\"elementor-column elementor-col-100 elementor-top-column elementor-element elementor-element-329b5cf8\" data-id=\"329b5cf8\" data-element_type=\"column\">\n\t\t\t<div class=\"elementor-widget-wrap elementor-element-populated\">\n\t\t\t\t\t\t<div class=\"elementor-element elementor-element-65fa3962 elementor-widget elementor-widget-heading\" data-id=\"65fa3962\" data-element_type=\"widget\" data-widget_type=\"heading.default\">\n\t\t\t\t<div class=\"elementor-widget-container\">\n\t\t\t<h2 class=\"elementor-heading-title elementor-size-default\">Nuestra excelente capacidad de personalizaci\u00f3n nos permite ser los l\u00edderes de la industria de techado en China.<\/h2>\t\t<\/div>\n\t\t\t\t<\/div>\n\t\t\t\t<div class=\"elementor-element elementor-element-fc20bf4 elementor-widget-divider--view-line elementor-widget elementor-widget-divider\" data-id=\"fc20bf4\" data-element_type=\"widget\" data-widget_type=\"divider.default\">\n\t\t\t\t<div class=\"elementor-widget-container\">\n\t\t\t\t\t<div class=\"elementor-divider\">\n\t\t\t<span class=\"elementor-divider-separator\">\n\t\t\t\t\t\t<\/span>\n\t\t<\/div>\n\t\t\t\t<\/div>\n\t\t\t\t<\/div>\n\t\t\t\t<section class=\"elementor-section elementor-inner-section elementor-element elementor-element-14525731 elementor-section-boxed elementor-section-height-default elementor-section-height-default\" data-id=\"14525731\" data-element_type=\"section\">\n\t\t\t\t\t\t<div class=\"elementor-container elementor-column-gap-default\">\n\t\t\t\t\t<div class=\"elementor-column elementor-col-50 elementor-inner-column elementor-element elementor-element-5961ee5a\" data-id=\"5961ee5a\" data-element_type=\"column\">\n\t\t\t<div class=\"elementor-widget-wrap elementor-element-populated\">\n\t\t\t\t\t\t<div class=\"elementor-element elementor-element-f0bf846 elementor-widget elementor-widget-text-editor\" data-id=\"f0bf846\" data-element_type=\"widget\" data-widget_type=\"text-editor.default\">\n\t\t\t\t<div class=\"elementor-widget-container\">\n\t\t\t\t\t\t\t<p>En el coraz\u00f3n de nuestra revoluci\u00f3n de las cubiertas se encuentra <a href=\"https:\/\/skwroof.com\/es\/about-skw\/\">Skywalker China (SKW)<\/a>SKW, una marca de renombre en la industria china de tejados comprometida con la innovaci\u00f3n, la calidad y la personalizaci\u00f3n. Dentro de SKW, el Centro de Dise\u00f1o de Moldeo de Cubiertas Met\u00e1licas del Norte de China sirve de faro de innovaci\u00f3n y creatividad, albergando a un equipo de m\u00e1s de 20 consumados ingenieros especializados en maquinaria, moldeo, ingenier\u00eda industrial y campos afines. Juntos, superamos los l\u00edmites del dise\u00f1o de cubiertas y redefinimos el futuro de los sistemas de cubiertas.<\/p><p>El Centro de Dise\u00f1o de Moldeo de Cubiertas Met\u00e1licas del Norte de China de SKW es algo m\u00e1s que un equipo de ingenieros; es una fuerza motriz colectiva que trasciende las convenciones. Con nuestra amplia experiencia y conocimientos, alimentamos el centro con innovaci\u00f3n y creatividad, garantizando que cada dise\u00f1o concebido sea pr\u00e1ctico, eficiente y perfectamente producible.<\/p>\t\t\t\t\t\t<\/div>\n\t\t\t\t<\/div>\n\t\t\t\t\t<\/div>\n\t\t<\/div>\n\t\t\t\t<div class=\"elementor-column elementor-col-50 elementor-inner-column elementor-element elementor-element-605c693\" data-id=\"605c693\" data-element_type=\"column\">\n\t\t\t<div class=\"elementor-widget-wrap elementor-element-populated\">\n\t\t\t\t\t\t<div class=\"elementor-element elementor-element-1d3f43d elementor-widget elementor-widget-text-editor\" data-id=\"1d3f43d\" data-element_type=\"widget\" data-widget_type=\"text-editor.default\">\n\t\t\t\t<div class=\"elementor-widget-container\">\n\t\t\t\t\t\t\t<p>Nuestras capacidades van mucho m\u00e1s all\u00e1 del dise\u00f1o. Nos embarcamos en la creaci\u00f3n de nuestra propia l\u00ednea de producci\u00f3n de cubiertas met\u00e1licas, testimonio de nuestro enfoque hol\u00edstico a la hora de redefinir los sistemas de cubiertas desde el concepto hasta la creaci\u00f3n. Esta integraci\u00f3n garantiza que los dise\u00f1os que desarrollamos no s\u00f3lo sean est\u00e9ticamente agradables, sino tambi\u00e9n pr\u00e1cticos y eficientemente fabricables.<\/p><p>Lo que realmente distingue a SKW es nuestro compromiso de liderar el camino. Nuestra destreza en el dise\u00f1o y la producci\u00f3n no conoce fronteras, sino que marca la pauta en el sector chino de las cubiertas. Estamos a la vanguardia, ofreciendo soluciones de techado que ejemplifican la excelencia y la innovaci\u00f3n.<\/p>\t\t\t\t\t\t<\/div>\n\t\t\t\t<\/div>\n\t\t\t\t\t<\/div>\n\t\t<\/div>\n\t\t\t\t\t<\/div>\n\t\t<\/section>\n\t\t\t\t\t<\/div>\n\t\t<\/div>\n\t\t\t\t\t<\/div>\n\t\t<\/section>\n\t\t\t\t<section class=\"elementor-section elementor-top-section elementor-element elementor-element-5cd04ad elementor-section-boxed elementor-section-height-default elementor-section-height-default\" data-id=\"5cd04ad\" data-element_type=\"section\" data-settings=\"{&quot;background_background&quot;:&quot;classic&quot;}\">\n\t\t\t\t\t\t<div class=\"elementor-container elementor-column-gap-default\">\n\t\t\t\t\t<div class=\"elementor-column elementor-col-50 elementor-top-column elementor-element elementor-element-c0a4aa1\" data-id=\"c0a4aa1\" data-element_type=\"column\">\n\t\t\t<div class=\"elementor-widget-wrap elementor-element-populated\">\n\t\t\t\t\t\t<div class=\"elementor-element elementor-element-3f2bfb4 elementor-widget elementor-widget-heading\" data-id=\"3f2bfb4\" data-element_type=\"widget\" data-widget_type=\"heading.default\">\n\t\t\t\t<div class=\"elementor-widget-container\">\n\t\t\t<h2 class=\"elementor-heading-title elementor-size-default\">Cimentaci\u00f3n de tejados met\u00e1licos en CHINA<\/h2>\t\t<\/div>\n\t\t\t\t<\/div>\n\t\t\t\t<div class=\"elementor-element elementor-element-1e135c5 elementor-widget__width-initial elementor-widget-divider--view-line elementor-widget elementor-widget-divider\" data-id=\"1e135c5\" data-element_type=\"widget\" data-widget_type=\"divider.default\">\n\t\t\t\t<div class=\"elementor-widget-container\">\n\t\t\t\t\t<div class=\"elementor-divider\">\n\t\t\t<span class=\"elementor-divider-separator\">\n\t\t\t\t\t\t<\/span>\n\t\t<\/div>\n\t\t\t\t<\/div>\n\t\t\t\t<\/div>\n\t\t\t\t<div class=\"elementor-element elementor-element-9172872 elementor-align-left elementor-icon-list--layout-traditional elementor-list-item-link-full_width elementor-widget elementor-widget-icon-list\" data-id=\"9172872\" data-element_type=\"widget\" data-widget_type=\"icon-list.default\">\n\t\t\t\t<div class=\"elementor-widget-container\">\n\t\t\t\t\t<ul class=\"elementor-icon-list-items\">\n\t\t\t\t\t\t\t<li class=\"elementor-icon-list-item\">\n\t\t\t\t\t\t\t\t\t\t\t<span class=\"elementor-icon-list-icon\">\n\t\t\t\t\t\t\t<svg aria-hidden=\"true\" class=\"e-font-icon-svg e-fas-building\" viewbox=\"0 0 448 512\" xmlns=\"http:\/\/www.w3.org\/2000\/svg\"><path d=\"M436 480h-20V24c0-13.255-10.745-24-24-24H56C42.745 0 32 10.745 32 24v456H12c-6.627 0-12 5.373-12 12v20h448v-20c0-6.627-5.373-12-12-12zM128 76c0-6.627 5.373-12 12-12h40c6.627 0 12 5.373 12 12v40c0 6.627-5.373 12-12 12h-40c-6.627 0-12-5.373-12-12V76zm0 96c0-6.627 5.373-12 12-12h40c6.627 0 12 5.373 12 12v40c0 6.627-5.373 12-12 12h-40c-6.627 0-12-5.373-12-12v-40zm52 148h-40c-6.627 0-12-5.373-12-12v-40c0-6.627 5.373-12 12-12h40c6.627 0 12 5.373 12 12v40c0 6.627-5.373 12-12 12zm76 160h-64v-84c0-6.627 5.373-12 12-12h40c6.627 0 12 5.373 12 12v84zm64-172c0 6.627-5.373 12-12 12h-40c-6.627 0-12-5.373-12-12v-40c0-6.627 5.373-12 12-12h40c6.627 0 12 5.373 12 12v40zm0-96c0 6.627-5.373 12-12 12h-40c-6.627 0-12-5.373-12-12v-40c0-6.627 5.373-12 12-12h40c6.627 0 12 5.373 12 12v40zm0-96c0 6.627-5.373 12-12 12h-40c-6.627 0-12-5.373-12-12V76c0-6.627 5.373-12 12-12h40c6.627 0 12 5.373 12 12v40z\"><\/path><\/svg>\t\t\t\t\t\t<\/span>\n\t\t\t\t\t\t\t\t\t\t<span class=\"elementor-icon-list-text\">2 Centro de dise\u00f1o<\/span>\n\t\t\t\t\t\t\t\t\t<\/li>\n\t\t\t\t\t\t\t\t<li class=\"elementor-icon-list-item\">\n\t\t\t\t\t\t\t\t\t\t\t<span class=\"elementor-icon-list-icon\">\n\t\t\t\t\t\t\t<svg aria-hidden=\"true\" class=\"e-font-icon-svg e-fas-cogs\" viewbox=\"0 0 640 512\" xmlns=\"http:\/\/www.w3.org\/2000\/svg\"><path d=\"M512.1 191l-8.2 14.3c-3 5.3-9.4 7.5-15.1 5.4-11.8-4.4-22.6-10.7-32.1-18.6-4.6-3.8-5.8-10.5-2.8-15.7l8.2-14.3c-6.9-8-12.3-17.3-15.9-27.4h-16.5c-6 0-11.2-4.3-12.2-10.3-2-12-2.1-24.6 0-37.1 1-6 6.2-10.4 12.2-10.4h16.5c3.6-10.1 9-19.4 15.9-27.4l-8.2-14.3c-3-5.2-1.9-11.9 2.8-15.7 9.5-7.9 20.4-14.2 32.1-18.6 5.7-2.1 12.1.1 15.1 5.4l8.2 14.3c10.5-1.9 21.2-1.9 31.7 0L552 6.3c3-5.3 9.4-7.5 15.1-5.4 11.8 4.4 22.6 10.7 32.1 18.6 4.6 3.8 5.8 10.5 2.8 15.7l-8.2 14.3c6.9 8 12.3 17.3 15.9 27.4h16.5c6 0 11.2 4.3 12.2 10.3 2 12 2.1 24.6 0 37.1-1 6-6.2 10.4-12.2 10.4h-16.5c-3.6 10.1-9 19.4-15.9 27.4l8.2 14.3c3 5.2 1.9 11.9-2.8 15.7-9.5 7.9-20.4 14.2-32.1 18.6-5.7 2.1-12.1-.1-15.1-5.4l-8.2-14.3c-10.4 1.9-21.2 1.9-31.7 0zm-10.5-58.8c38.5 29.6 82.4-14.3 52.8-52.8-38.5-29.7-82.4 14.3-52.8 52.8zM386.3 286.1l33.7 16.8c10.1 5.8 14.5 18.1 10.5 29.1-8.9 24.2-26.4 46.4-42.6 65.8-7.4 8.9-20.2 11.1-30.3 5.3l-29.1-16.8c-16 13.7-34.6 24.6-54.9 31.7v33.6c0 11.6-8.3 21.6-19.7 23.6-24.6 4.2-50.4 4.4-75.9 0-11.5-2-20-11.9-20-23.6V418c-20.3-7.2-38.9-18-54.9-31.7L74 403c-10 5.8-22.9 3.6-30.3-5.3-16.2-19.4-33.3-41.6-42.2-65.7-4-10.9.4-23.2 10.5-29.1l33.3-16.8c-3.9-20.9-3.9-42.4 0-63.4L12 205.8c-10.1-5.8-14.6-18.1-10.5-29 8.9-24.2 26-46.4 42.2-65.8 7.4-8.9 20.2-11.1 30.3-5.3l29.1 16.8c16-13.7 34.6-24.6 54.9-31.7V57.1c0-11.5 8.2-21.5 19.6-23.5 24.6-4.2 50.5-4.4 76-.1 11.5 2 20 11.9 20 23.6v33.6c20.3 7.2 38.9 18 54.9 31.7l29.1-16.8c10-5.8 22.9-3.6 30.3 5.3 16.2 19.4 33.2 41.6 42.1 65.8 4 10.9.1 23.2-10 29.1l-33.7 16.8c3.9 21 3.9 42.5 0 63.5zm-117.6 21.1c59.2-77-28.7-164.9-105.7-105.7-59.2 77 28.7 164.9 105.7 105.7zm243.4 182.7l-8.2 14.3c-3 5.3-9.4 7.5-15.1 5.4-11.8-4.4-22.6-10.7-32.1-18.6-4.6-3.8-5.8-10.5-2.8-15.7l8.2-14.3c-6.9-8-12.3-17.3-15.9-27.4h-16.5c-6 0-11.2-4.3-12.2-10.3-2-12-2.1-24.6 0-37.1 1-6 6.2-10.4 12.2-10.4h16.5c3.6-10.1 9-19.4 15.9-27.4l-8.2-14.3c-3-5.2-1.9-11.9 2.8-15.7 9.5-7.9 20.4-14.2 32.1-18.6 5.7-2.1 12.1.1 15.1 5.4l8.2 14.3c10.5-1.9 21.2-1.9 31.7 0l8.2-14.3c3-5.3 9.4-7.5 15.1-5.4 11.8 4.4 22.6 10.7 32.1 18.6 4.6 3.8 5.8 10.5 2.8 15.7l-8.2 14.3c6.9 8 12.3 17.3 15.9 27.4h16.5c6 0 11.2 4.3 12.2 10.3 2 12 2.1 24.6 0 37.1-1 6-6.2 10.4-12.2 10.4h-16.5c-3.6 10.1-9 19.4-15.9 27.4l8.2 14.3c3 5.2 1.9 11.9-2.8 15.7-9.5 7.9-20.4 14.2-32.1 18.6-5.7 2.1-12.1-.1-15.1-5.4l-8.2-14.3c-10.4 1.9-21.2 1.9-31.7 0zM501.6 431c38.5 29.6 82.4-14.3 52.8-52.8-38.5-29.6-82.4 14.3-52.8 52.8z\"><\/path><\/svg>\t\t\t\t\t\t<\/span>\n\t\t\t\t\t\t\t\t\t\t<span class=\"elementor-icon-list-text\">5 l\u00edneas de montaje<\/span>\n\t\t\t\t\t\t\t\t\t<\/li>\n\t\t\t\t\t\t\t\t<li class=\"elementor-icon-list-item\">\n\t\t\t\t\t\t\t\t\t\t\t<span class=\"elementor-icon-list-icon\">\n\t\t\t\t\t\t\t<svg aria-hidden=\"true\" class=\"e-font-icon-svg e-fas-user-plus\" viewbox=\"0 0 640 512\" xmlns=\"http:\/\/www.w3.org\/2000\/svg\"><path d=\"M624 208h-64v-64c0-8.8-7.2-16-16-16h-32c-8.8 0-16 7.2-16 16v64h-64c-8.8 0-16 7.2-16 16v32c0 8.8 7.2 16 16 16h64v64c0 8.8 7.2 16 16 16h32c8.8 0 16-7.2 16-16v-64h64c8.8 0 16-7.2 16-16v-32c0-8.8-7.2-16-16-16zm-400 48c70.7 0 128-57.3 128-128S294.7 0 224 0 96 57.3 96 128s57.3 128 128 128zm89.6 32h-16.7c-22.2 10.2-46.9 16-72.9 16s-50.6-5.8-72.9-16h-16.7C60.2 288 0 348.2 0 422.4V464c0 26.5 21.5 48 48 48h352c26.5 0 48-21.5 48-48v-41.6c0-74.2-60.2-134.4-134.4-134.4z\"><\/path><\/svg>\t\t\t\t\t\t<\/span>\n\t\t\t\t\t\t\t\t\t\t<span class=\"elementor-icon-list-text\">20+ Ingenieros<\/span>\n\t\t\t\t\t\t\t\t\t<\/li>\n\t\t\t\t\t\t<\/ul>\n\t\t\t\t<\/div>\n\t\t\t\t<\/div>\n\t\t\t\t\t<\/div>\n\t\t<\/div>\n\t\t\t\t<div class=\"elementor-column elementor-col-50 elementor-top-column elementor-element elementor-element-56db5f7\" data-id=\"56db5f7\" data-element_type=\"column\">\n\t\t\t<div class=\"elementor-widget-wrap elementor-element-populated\">\n\t\t\t\t\t\t<div class=\"elementor-element elementor-element-68b8a46 elementor-invisible elementor-widget elementor-widget-video\" data-id=\"68b8a46\" data-element_type=\"widget\" data-settings=\"{&quot;youtube_url&quot;:&quot;https:\\\/\\\/youtu.be\\\/4P5y4IcbsK0&quot;,&quot;_animation&quot;:&quot;bounceInRight&quot;,&quot;lazy_load&quot;:&quot;yes&quot;,&quot;video_type&quot;:&quot;youtube&quot;}\" data-widget_type=\"video.default\">\n\t\t\t\t<div class=\"elementor-widget-container\">\n\t\t\t\t\t<div class=\"elementor-wrapper elementor-open-inline\">\n\t\t\t<div class=\"elementor-video\"><\/div>\t\t<\/div>\n\t\t\t\t<\/div>\n\t\t\t\t<\/div>\n\t\t\t\t\t<\/div>\n\t\t<\/div>\n\t\t\t\t\t<\/div>\n\t\t<\/section>\n\t\t\t\t<section class=\"elementor-section elementor-top-section elementor-element elementor-element-4f819ab elementor-section-boxed elementor-section-height-default elementor-section-height-default\" data-id=\"4f819ab\" data-element_type=\"section\">\n\t\t\t\t\t\t<div class=\"elementor-container elementor-column-gap-default\">\n\t\t\t\t\t<div class=\"elementor-column elementor-col-100 elementor-top-column elementor-element elementor-element-80b8983\" data-id=\"80b8983\" data-element_type=\"column\">\n\t\t\t<div class=\"elementor-widget-wrap elementor-element-populated\">\n\t\t\t\t\t\t<div class=\"elementor-element elementor-element-1326fee elementor-widget elementor-widget-text-editor\" data-id=\"1326fee\" data-element_type=\"widget\" data-widget_type=\"text-editor.default\">\n\t\t\t\t<div class=\"elementor-widget-container\">\n\t\t\t\t\t\t\t<p>Adem\u00e1s, la dedicaci\u00f3n de SKW a la personalizaci\u00f3n es un aspecto clave de nuestra marca. Dentro de la\u00a0<a href=\"https:\/\/youtu.be\/4P5y4IcbsK0\" target=\"_blank\" rel=\"noopener\">Centro de dise\u00f1o de molduras para cubiertas met\u00e1licas del norte de China<\/a>nos distinguimos por ofrecer soluciones a medida para satisfacer las necesidades y preferencias exclusivas de nuestros clientes. Nuestro equipo de ingenieros colabora estrechamente con los clientes, aprovechando nuestros aparatos de escaneado 3D de \u00faltima generaci\u00f3n y el software de dise\u00f1o avanzado para transformar sus ideas en planos tangibles, lo que nos permite dise\u00f1ar cualquier forma adecuada de productos de tejas met\u00e1licas, llevar a cabo cualquiera de sus ideas para desarrollar un nuevo perfil de techo para satisfacer la demanda del mercado en constante crecimiento.<\/p><p>En t\u00e9rminos de personalizaci\u00f3n de cubiertas met\u00e1licas, SKW no tiene rival. Ofrecemos una amplia gama de opciones, incluyendo patrones de tejas, colores y otros aspectos est\u00e9ticos, lo que permite a los clientes lograr su aspecto y estilo deseados. Desde patrones de tejas tradicionales y cl\u00e1sicos hasta dise\u00f1os modernos e innovadores, atendemos a diversos estilos arquitect\u00f3nicos y preferencias personales. Nuestros ingenieros se aseguran de que los dise\u00f1os de azulejos personalizados no s\u00f3lo cumplan las expectativas est\u00e9ticas, sino que tambi\u00e9n se adhieran a los m\u00e1s altos est\u00e1ndares de funcionalidad y durabilidad.<\/p><p>Adem\u00e1s, el compromiso de SKW con la innovaci\u00f3n se extiende al desarrollo de nuestra l\u00ednea de producci\u00f3n de cubiertas met\u00e1licas y de nuestros equipos. Invertimos importantes recursos en investigaci\u00f3n y desarrollo para mejorar la eficiencia y eficacia de nuestros procesos de fabricaci\u00f3n. Esto nos permite integrar perfectamente las especificaciones del dise\u00f1o personalizado en la l\u00ednea de producci\u00f3n, garantizando un flujo de trabajo de fabricaci\u00f3n fluido y racionalizado.<\/p><p>Gracias a nuestro enfoque integrado, SKW se ha consolidado como l\u00edder en el sector chino de las cubiertas. Nuestra capacidad para ofrecer soluciones de techado met\u00e1lico personalizadas y de alta calidad, desde el concepto hasta la creaci\u00f3n, nos diferencia de la competencia. Estamos orgullosos de nuestro papel como innovadores del sector, superando constantemente los l\u00edmites y estableciendo nuevas referencias de excelencia e innovaci\u00f3n.<\/p><p>En conclusi\u00f3n, Skywalker China (SKW) y su Centro de Dise\u00f1o de Molduras Met\u00e1licas para Cubiertas del Norte de China est\u00e1n a la vanguardia del sector de las cubiertas, impulsando la innovaci\u00f3n y la personalizaci\u00f3n. Con nuestro equipo de ingenieros, tecnolog\u00eda avanzada y enfoque integrado, redefinimos los sistemas de techado desde el dise\u00f1o hasta la producci\u00f3n. Nuestro compromiso con la excelencia, la personalizaci\u00f3n y el liderazgo marca la pauta en el sector chino de las cubiertas.<\/p>\t\t\t\t\t\t<\/div>\n\t\t\t\t<\/div>\n\t\t\t\t<div class=\"elementor-element elementor-element-51f8915 elementor-widget elementor-widget-image\" data-id=\"51f8915\" data-element_type=\"widget\" data-widget_type=\"image.default\">\n\t\t\t\t<div class=\"elementor-widget-container\">\n\t\t\t\t\t\t\t\t\t\t\t\t\t<img fetchpriority=\"high\" decoding=\"async\" width=\"1120\" height=\"597\" src=\"https:\/\/skwroof.com\/wp-content\/uploads\/2023\/10\/RD-Center.webp\" class=\"attachment-full size-full wp-image-10187\" alt=\"SKW Design Center\" srcset=\"https:\/\/skwroof.com\/wp-content\/uploads\/2023\/10\/RD-Center.webp 1120w, https:\/\/skwroof.com\/wp-content\/uploads\/2023\/10\/RD-Center-300x160.webp 300w, https:\/\/skwroof.com\/wp-content\/uploads\/2023\/10\/RD-Center-1024x546.webp 1024w, https:\/\/skwroof.com\/wp-content\/uploads\/2023\/10\/RD-Center-768x409.webp 768w\" sizes=\"(max-width: 1120px) 100vw, 1120px\" \/>\t\t\t\t\t\t\t\t\t\t\t\t\t<\/div>\n\t\t\t\t<\/div>\n\t\t\t\t\t<\/div>\n\t\t<\/div>\n\t\t\t\t\t<\/div>\n\t\t<\/section>\n\t\t\t\t<\/div>","protected":false},"excerpt":{"rendered":"<p>Centro de dise\u00f1o Contamos con un centro experto en dise\u00f1o de tejados junto con una completa l\u00ednea de montaje de l\u00e1minas met\u00e1licas para tejados. Nuestras excelentes capacidades de personalizaci\u00f3n nos permiten ser los l\u00edderes de la industria china de tejados. En el coraz\u00f3n de nuestra revoluci\u00f3n de tejados se encuentra Skywalker China (SKW), una marca de renombre en la industria china de tejados comprometida con la innovaci\u00f3n, la calidad [...].<\/p>","protected":false},"author":1,"featured_media":0,"parent":0,"menu_order":2,"comment_status":"closed","ping_status":"closed","template":"","meta":{"footnotes":""},"class_list":["post-32","page","type-page","status-publish","hentry"],"_links":{"self":[{"href":"https:\/\/skwroof.com\/es\/wp-json\/wp\/v2\/pages\/32"}],"collection":[{"href":"https:\/\/skwroof.com\/es\/wp-json\/wp\/v2\/pages"}],"about":[{"href":"https:\/\/skwroof.com\/es\/wp-json\/wp\/v2\/types\/page"}],"author":[{"embeddable":true,"href":"https:\/\/skwroof.com\/es\/wp-json\/wp\/v2\/users\/1"}],"replies":[{"embeddable":true,"href":"https:\/\/skwroof.com\/es\/wp-json\/wp\/v2\/comments?post=32"}],"version-history":[{"count":0,"href":"https:\/\/skwroof.com\/es\/wp-json\/wp\/v2\/pages\/32\/revisions"}],"wp:attachment":[{"href":"https:\/\/skwroof.com\/es\/wp-json\/wp\/v2\/media?parent=32"}],"curies":[{"name":"wp","href":"https:\/\/api.w.org\/{rel}","templated":true}]}}