{"id":3,"date":"2023-08-22T02:59:42","date_gmt":"2023-08-22T02:59:42","guid":{"rendered":"http:\/\/127.0.0.1:8080\/?page_id=3"},"modified":"2023-10-24T10:23:13","modified_gmt":"2023-10-24T10:23:13","slug":"privacy-policy","status":"publish","type":"page","link":"https:\/\/skwroof.com\/es\/privacy-policy\/","title":{"rendered":"Pol\u00edtica de privacidad"},"content":{"rendered":"<div data-elementor-type=\"wp-page\" data-elementor-id=\"3\" class=\"elementor elementor-3\" data-elementor-post-type=\"page\">\n\t\t\t\t\t\t<section class=\"elementor-section elementor-top-section elementor-element elementor-element-8107799 elementor-section-height-min-height elementor-section-boxed elementor-section-height-default elementor-section-items-middle\" data-id=\"8107799\" data-element_type=\"section\" data-settings=\"{&quot;background_background&quot;:&quot;classic&quot;}\">\n\t\t\t\t\t\t<div class=\"elementor-container elementor-column-gap-default\">\n\t\t\t\t\t<div class=\"elementor-column elementor-col-50 elementor-top-column elementor-element elementor-element-fa90fa6\" data-id=\"fa90fa6\" data-element_type=\"column\">\n\t\t\t<div class=\"elementor-widget-wrap elementor-element-populated\">\n\t\t\t\t\t\t<div class=\"elementor-element elementor-element-0c829ea elementor-widget elementor-widget-heading\" data-id=\"0c829ea\" data-element_type=\"widget\" data-widget_type=\"heading.default\">\n\t\t\t\t<div class=\"elementor-widget-container\">\n\t\t\t<h1 class=\"elementor-heading-title elementor-size-default\">POL\u00cdTICA DE PRIVACIDAD<\/h1>\t\t<\/div>\n\t\t\t\t<\/div>\n\t\t\t\t\t<\/div>\n\t\t<\/div>\n\t\t\t\t<div class=\"elementor-column elementor-col-50 elementor-top-column elementor-element elementor-element-3499941\" data-id=\"3499941\" data-element_type=\"column\">\n\t\t\t<div class=\"elementor-widget-wrap elementor-element-populated\">\n\t\t\t\t\t\t<div class=\"elementor-element elementor-element-77c10b9 elementor-widget__width-initial elementor-widget elementor-widget-image\" data-id=\"77c10b9\" data-element_type=\"widget\" data-widget_type=\"image.default\">\n\t\t\t\t<div class=\"elementor-widget-container\">\n\t\t\t\t\t\t\t\t\t\t\t\t\t<img decoding=\"async\" width=\"150\" height=\"150\" src=\"https:\/\/skwroof.com\/wp-content\/uploads\/2023\/10\/SKW-Privacy-policy-150x150.webp\" class=\"attachment-thumbnail size-thumbnail wp-image-9862\" alt=\"Privacy policy\" srcset=\"https:\/\/skwroof.com\/wp-content\/uploads\/2023\/10\/SKW-Privacy-policy-150x150.webp 150w, https:\/\/skwroof.com\/wp-content\/uploads\/2023\/10\/SKW-Privacy-policy-300x300.webp 300w, https:\/\/skwroof.com\/wp-content\/uploads\/2023\/10\/SKW-Privacy-policy.webp 500w\" sizes=\"(max-width: 150px) 100vw, 150px\" \/>\t\t\t\t\t\t\t\t\t\t\t\t\t<\/div>\n\t\t\t\t<\/div>\n\t\t\t\t\t<\/div>\n\t\t<\/div>\n\t\t\t\t\t<\/div>\n\t\t<\/section>\n\t\t\t\t<section class=\"elementor-section elementor-top-section elementor-element elementor-element-7f77c045 elementor-section-boxed elementor-section-height-default elementor-section-height-default\" data-id=\"7f77c045\" data-element_type=\"section\">\n\t\t\t\t\t\t<div class=\"elementor-container elementor-column-gap-default\">\n\t\t\t\t\t<div class=\"elementor-column elementor-col-100 elementor-top-column elementor-element elementor-element-76d92d22\" data-id=\"76d92d22\" data-element_type=\"column\">\n\t\t\t<div class=\"elementor-widget-wrap elementor-element-populated\">\n\t\t\t\t\t\t<div class=\"elementor-element elementor-element-1f01a6de elementor-widget elementor-widget-text-editor\" data-id=\"1f01a6de\" data-element_type=\"widget\" data-widget_type=\"text-editor.default\">\n\t\t\t\t<div class=\"elementor-widget-container\">\n\t\t\t\t\t\t\t<p class=\"whitespace-pre-wrap\"><strong>Fecha: 1 de septiembre de 2023<\/strong><\/p>\n<p class=\"whitespace-pre-wrap\">Bienvenido a SKW (en adelante, \"nosotros\" o \"este sitio web\"). La direcci\u00f3n de nuestro sitio web es <a href=\"https:\/\/skwroof.com\/es\/\">http:\/\/skwroof.com<\/a>. Esta Pol\u00edtica de Privacidad est\u00e1 dise\u00f1ada para ayudarle a entender c\u00f3mo recogemos, utilizamos y protegemos su informaci\u00f3n personal.<\/p>\n<p class=\"whitespace-pre-wrap\"><strong>Nuestro compromiso y prop\u00f3sito<\/strong><\/p>\n<p class=\"whitespace-pre-wrap\">Nos comprometemos solemnemente a proteger su informaci\u00f3n personal privada. Toda la informaci\u00f3n recopilada se utilizar\u00e1 para comunicarnos con usted, responder a sus consultas y mejorar nuestros servicios.<\/p>\n<p class=\"whitespace-pre-wrap\"><strong>M\u00e9todos de recogida de datos<\/strong><\/p>\n<p class=\"whitespace-pre-wrap\">Recopilamos su informaci\u00f3n a trav\u00e9s de los formularios de contacto de nuestro sitio web, donde podemos recoger datos como el nombre, la direcci\u00f3n de correo electr\u00f3nico, el n\u00famero de tel\u00e9fono y el contenido del mensaje. Tambi\u00e9n utilizamos cookies anal\u00edticas y otras tecnolog\u00edas similares para recopilar datos de uso agregados.<\/p>\n<p class=\"whitespace-pre-wrap\"><strong>Finalidad de la recogida<\/strong><\/p>\n<p class=\"whitespace-pre-wrap\">La informaci\u00f3n recogida se utilizar\u00e1 para los siguientes fines:<\/p>\n<ul class=\"list-disc pl-8 space-y-2\">\n<li class=\"whitespace-normal\">Para comunicarnos con usted y responder a sus consultas y solicitudes.<\/li>\n<li class=\"whitespace-normal\">Para mejorar nuestros productos, servicios y experiencia del cliente.<\/li>\n<li class=\"whitespace-normal\">Para proporcionarle actualizaciones, promociones y notificaciones de noticias sobre nuestros servicios con su consentimiento.<\/li>\n<\/ul>\n<p class=\"whitespace-pre-wrap\"><strong>Conservaci\u00f3n de datos<\/strong><\/p>\n<p class=\"whitespace-pre-wrap\">Conservamos los datos personales durante el tiempo necesario para cumplir los fines descritos en esta pol\u00edtica, a menos que la ley exija o permita un periodo de conservaci\u00f3n m\u00e1s largo.\u00a0<\/p>\n<p class=\"whitespace-pre-wrap\"><strong>Derechos de los usuarios<\/strong><\/p>\n<p class=\"whitespace-pre-wrap\">Usted tiene los siguientes derechos:<\/p>\n<ul class=\"list-disc pl-8 space-y-2\">\n<li class=\"whitespace-normal\">Acceder, rectificar, suprimir, limitar u oponerse al tratamiento de sus datos personales.<\/li>\n<li class=\"whitespace-normal\">Solicitar la portabilidad de sus datos personales.<\/li>\n<li class=\"whitespace-normal\">Para darse de baja de las comunicaciones comerciales.<\/li>\n<\/ul>\n<p class=\"whitespace-pre-wrap\"><strong>Privacidad infantil<\/strong><\/p>\n<p class=\"whitespace-pre-wrap\">Nuestro sitio web no est\u00e1 dirigido a ni\u00f1os menores de 16 a\u00f1os. No recopilamos conscientemente informaci\u00f3n personal de menores de 16 a\u00f1os sin el consentimiento paterno.<\/p>\n<p class=\"whitespace-pre-wrap\"><strong>Seguridad<\/strong><\/p>\n<p class=\"whitespace-pre-wrap\">Aplicamos medidas de seguridad t\u00e9cnicas y organizativas adecuadas para proteger sus datos.<\/p>\n<p class=\"whitespace-pre-wrap\"><strong>Cambios en la pol\u00edtica de privacidad<\/strong><\/p>\n<p class=\"whitespace-pre-wrap\">Podemos actualizar esta Pol\u00edtica de Privacidad de vez en cuando. Si realizamos cambios significativos, se lo notificaremos a trav\u00e9s de nuestro sitio web. La Pol\u00edtica de Privacidad actualizada se aplicar\u00e1 a los datos recogidos despu\u00e9s de la fecha de revisi\u00f3n.<\/p>\n<p class=\"whitespace-pre-wrap\"><strong>P\u00f3ngase en contacto con nosotros<\/strong><\/p>\n<p class=\"whitespace-pre-wrap\">Si tiene alguna pregunta o duda sobre esta Pol\u00edtica de Privacidad o nuestras pr\u00e1cticas de datos, p\u00f3ngase en contacto con nosotros en:<\/p>\n<p class=\"whitespace-pre-wrap\">Skywalker China Co, Ltd, conocida como SKW, se estableci\u00f3 en mayo de 2019, ubicada en la ciudad de Dezhou, provincia de Shandong, parte noreste de China, cerca del puerto de Qingdao y Tianjin, a 1,5 horas de distancia de Pek\u00edn en tren.<br \/>Correo electr\u00f3nico: <a href=\"mailto:business@skywalkerchina.com\">business@skywalkerchina.com<\/a><\/p>\n<p class=\"whitespace-pre-wrap\">Gracias por elegir SKW. Nos comprometemos a proteger su privacidad.<\/p>\t\t\t\t\t\t<\/div>\n\t\t\t\t<\/div>\n\t\t\t\t\t<\/div>\n\t\t<\/div>\n\t\t\t\t\t<\/div>\n\t\t<\/section>\n\t\t\t\t<\/div>","protected":false},"excerpt":{"rendered":"<p>POL\u00cdTICA DE PRIVACIDAD Fecha: 1 de septiembre de 2023 Bienvenido a SKW (en adelante, \"nosotros\" o \"este sitio web\"). La direcci\u00f3n de nuestro sitio web es: http:\/\/skwroof.com. Esta Pol\u00edtica de Privacidad est\u00e1 dise\u00f1ada para ayudarle a entender c\u00f3mo recogemos, utilizamos y protegemos su informaci\u00f3n personal. Nuestro compromiso y prop\u00f3sito Nos comprometemos solemnemente a proteger su informaci\u00f3n personal privada. Toda la informaci\u00f3n recogida [...]<\/p>","protected":false},"author":1,"featured_media":0,"parent":0,"menu_order":12,"comment_status":"closed","ping_status":"closed","template":"","meta":{"footnotes":""},"class_list":["post-3","page","type-page","status-publish","hentry"],"_links":{"self":[{"href":"https:\/\/skwroof.com\/es\/wp-json\/wp\/v2\/pages\/3"}],"collection":[{"href":"https:\/\/skwroof.com\/es\/wp-json\/wp\/v2\/pages"}],"about":[{"href":"https:\/\/skwroof.com\/es\/wp-json\/wp\/v2\/types\/page"}],"author":[{"embeddable":true,"href":"https:\/\/skwroof.com\/es\/wp-json\/wp\/v2\/users\/1"}],"replies":[{"embeddable":true,"href":"https:\/\/skwroof.com\/es\/wp-json\/wp\/v2\/comments?post=3"}],"version-history":[{"count":0,"href":"https:\/\/skwroof.com\/es\/wp-json\/wp\/v2\/pages\/3\/revisions"}],"wp:attachment":[{"href":"https:\/\/skwroof.com\/es\/wp-json\/wp\/v2\/media?parent=3"}],"curies":[{"name":"wp","href":"https:\/\/api.w.org\/{rel}","templated":true}]}}